{"id":156,"date":"2021-05-11T15:29:01","date_gmt":"2021-05-11T20:29:01","guid":{"rendered":"https:\/\/www.servicampoarmenia.com\/web\/?page_id=156"},"modified":"2021-11-10T15:52:51","modified_gmt":"2021-11-10T20:52:51","slug":"insumos-agropecuarios","status":"publish","type":"page","link":"https:\/\/www.servicampoarmenia.com\/web\/insumos-agropecuarios\/","title":{"rendered":"Insumos Agropecuarios"},"content":{"rendered":"<p>[et_pb_section fb_built=\u00bb1&#8243; next_background_color=\u00bb#ffffff\u00bb admin_label=\u00bbHeader\u00bb _builder_version=\u00bb3.26.1&#8243; background_color=\u00bb#efebdc\u00bb background_image=\u00bbhttps:\/\/www.servicampoarmenia.com\/web\/wp-content\/uploads\/2021\/05\/dog-walker-10-3.png\u00bb parallax=\u00bbon\u00bb overflow-x=\u00bbhidden\u00bb overflow-y=\u00bbhidden\u00bb bottom_divider_style=\u00bbwaves\u00bb bottom_divider_height=\u00bb10vw\u00bb bottom_divider_repeat=\u00bb0.7x\u00bb background_last_edited=\u00bboff|desktop\u00bb parallax_tablet=\u00bboff\u00bb][et_pb_row column_structure=\u00bb3_5,2_5&#8243; _builder_version=\u00bb3.26&#8243; custom_margin_tablet=\u00bb||-10vw||false|false\u00bb custom_margin_phone=\u00bb\u00bb custom_margin_last_edited=\u00bbon|desktop\u00bb][et_pb_column type=\u00bb3_5&#8243; _builder_version=\u00bb3.25.4&#8243; custom_padding=\u00bb5vw||\u00bb][et_pb_text _builder_version=\u00bb4.9.4&#8243; text_font=\u00bbAmaranth||||||||\u00bb text_font_size=\u00bb24px\u00bb text_line_height=\u00bb1.8em\u00bb header_font=\u00bbAmatic SC|700|||||||\u00bb header_font_size=\u00bb90px\u00bb header_line_height=\u00bb1.2em\u00bb text_font_size_tablet=\u00bb\u00bb text_font_size_phone=\u00bb22px\u00bb text_font_size_last_edited=\u00bbon|desktop\u00bb header_font_size_tablet=\u00bb80px\u00bb header_font_size_phone=\u00bb60px\u00bb header_font_size_last_edited=\u00bbon|phone\u00bb background_color_tablet=\u00bb#efebdc\u00bb background_last_edited=\u00bbon|tablet\u00bb background_enable_color_tablet=\u00bbon\u00bb]<\/p>\n<h1>Servicios para insumos agropecuarios<\/h1>\n<p>Materiales y productos de calidad.<\/p>\n<p>[\/et_pb_text][et_pb_text _builder_version=\u00bb4.9.4&#8243; _module_preset=\u00bbdefault\u00bb link_font=\u00bbAmatic SC|700|||||||\u00bb link_text_color=\u00bb#000000&#8243; link_font_size=\u00bb20px\u00bb]<a href=\"https:\/\/www.servicampoarmenia.com\/web\/contacto\/\" class=\"ov-btn-grow-ellipse\">Contacto<\/a>[\/et_pb_text][\/et_pb_column][et_pb_column type=\u00bb2_5&#8243; _builder_version=\u00bb3.25.4&#8243;][et_pb_image src=\u00bbhttps:\/\/www.servicampoarmenia.com\/web\/wp-content\/uploads\/2021\/05\/imagen-insumos-agropecuarios.jpg\u00bb title_text=\u00bbimagen-insumos-agropecuarios\u00bb _builder_version=\u00bb4.9.4&#8243; transform_scale=\u00bb126%|126%\u00bb transform_scale_tablet=\u00bb\u00bb transform_scale_phone=\u00bb\u00bb transform_scale_last_edited=\u00bbon|desktop\u00bb transform_translate_tablet=\u00bb70%|0px\u00bb transform_translate_phone=\u00bb\u00bb transform_translate_last_edited=\u00bbon|desktop\u00bb transform_translate_linked_tablet=\u00bboff\u00bb transform_rotate=\u00bb0deg|0deg|45deg\u00bb transform_rotate_tablet=\u00bb\u00bb transform_rotate_phone=\u00bb\u00bb transform_rotate_last_edited=\u00bbon|desktop\u00bb transform_skew_tablet=\u00bb\u00bb transform_skew_phone=\u00bb\u00bb transform_skew_last_edited=\u00bbon|desktop\u00bb transform_origin=\u00bb50%|75%\u00bb transform_origin_tablet=\u00bb\u00bb transform_origin_phone=\u00bb\u00bb transform_origin_last_edited=\u00bbon|desktop\u00bb transform_styles_last_edited=\u00bbon|desktop\u00bb max_width_tablet=\u00bb60%\u00bb max_width_phone=\u00bb\u00bb max_width_last_edited=\u00bbon|desktop\u00bb custom_margin=\u00bb-5vw|-10vw|||false|false\u00bb custom_margin_tablet=\u00bb-10vw|-10vw|||false|false\u00bb custom_margin_phone=\u00bb-13vw||||false|false\u00bb custom_margin_last_edited=\u00bbon|phone\u00bb transform_styles_tablet=\u00bb\u00bb transform_styles_phone=\u00bb\u00bb border_radii=\u00bbon|12vw|12vw|12vw|12vw\u00bb border_width_all=\u00bb6vw\u00bb border_color_all=\u00bb#00a650&#8243; box_shadow_style=\u00bbpreset3&#8243; box_shadow_blur=\u00bb10vw\u00bb][\/et_pb_image][\/et_pb_column][\/et_pb_row][et_pb_row column_structure=\u00bb1_3,1_3,1_3&#8243; _builder_version=\u00bb4.9.4&#8243; custom_margin=\u00bb||||false|false\u00bb][et_pb_column type=\u00bb1_3&#8243; _builder_version=\u00bb3.25.3&#8243;][\/et_pb_column][et_pb_column type=\u00bb1_3&#8243; _builder_version=\u00bb4.9.4&#8243; background_color=\u00bb#f5821f\u00bb transform_scale_tablet=\u00bb69%|69%\u00bb transform_scale_phone=\u00bb\u00bb transform_scale_last_edited=\u00bbon|desktop\u00bb transform_translate=\u00bb0px|-140px\u00bb transform_translate_tablet=\u00bb\u00bb transform_translate_phone=\u00bb\u00bb transform_translate_last_edited=\u00bbon|desktop\u00bb transform_translate_linked=\u00bboff\u00bb transform_rotate=\u00bb0deg|0deg|45deg\u00bb transform_rotate_tablet=\u00bb\u00bb transform_rotate_phone=\u00bb\u00bb transform_rotate_last_edited=\u00bbon|desktop\u00bb transform_skew_tablet=\u00bb\u00bb transform_skew_phone=\u00bb\u00bb transform_skew_last_edited=\u00bbon|desktop\u00bb transform_origin_tablet=\u00bb\u00bb transform_origin_phone=\u00bb\u00bb transform_origin_last_edited=\u00bbon|desktop\u00bb transform_styles_last_edited=\u00bbon|desktop\u00bb overflow-x=\u00bbvisible\u00bb overflow-y=\u00bbvisible\u00bb custom_padding=\u00bb||90px\u00bb animation_direction=\u00bbbottom\u00bb transform_styles_tablet=\u00bb\u00bb transform_styles_phone=\u00bb\u00bb border_radii=\u00bbon|90px|90px|90px|90px\u00bb box_shadow_style=\u00bbpreset3&#8243; box_shadow_horizontal=\u00bb16px\u00bb box_shadow_vertical=\u00bb16px\u00bb box_shadow_blur=\u00bb48px\u00bb box_shadow_spread=\u00bb-8px\u00bb box_shadow_color=\u00bbrgba(238,106,91,0.61)\u00bb][et_pb_image src=\u00bbhttps:\/\/www.servicampoarmenia.com\/web\/wp-content\/uploads\/2021\/05\/servicio-servicampo-insumos-medicos-02.jpg\u00bb title_text=\u00bbservicio-servicampo-insumos-medicos-02&#8243; _builder_version=\u00bb4.9.4&#8243; transform_scale_tablet=\u00bb\u00bb transform_scale_phone=\u00bb\u00bb transform_scale_last_edited=\u00bbon|desktop\u00bb transform_translate=\u00bb47px|0px\u00bb transform_translate_tablet=\u00bb\u00bb transform_translate_phone=\u00bb\u00bb transform_translate_last_edited=\u00bbon|desktop\u00bb transform_translate_linked=\u00bboff\u00bb transform_rotate=\u00bb0deg|0deg|-35deg\u00bb transform_rotate_tablet=\u00bb0deg|0deg|0deg\u00bb transform_rotate_phone=\u00bb\u00bb transform_rotate_last_edited=\u00bbon|desktop\u00bb transform_skew_tablet=\u00bb\u00bb transform_skew_phone=\u00bb\u00bb transform_skew_last_edited=\u00bbon|desktop\u00bb transform_origin_tablet=\u00bb\u00bb transform_origin_phone=\u00bb\u00bb transform_origin_last_edited=\u00bbon|desktop\u00bb transform_styles_last_edited=\u00bbon|desktop\u00bb max_width_tablet=\u00bb440px\u00bb max_width_phone=\u00bb\u00bb max_width_last_edited=\u00bbon|desktop\u00bb custom_margin_tablet=\u00bb-30vw||||false|false\u00bb custom_margin_phone=\u00bb\u00bb custom_margin_last_edited=\u00bbon|tablet\u00bb animation_intensity_zoom=\u00bb5%\u00bb transform_styles_tablet=\u00bb\u00bb transform_styles_phone=\u00bb\u00bb border_radii=\u00bbon|110px|110px|110px|110px\u00bb][\/et_pb_image][\/et_pb_column][et_pb_column type=\u00bb1_3&#8243; _builder_version=\u00bb3.26&#8243; custom_padding=\u00bb220px||\u00bb custom_padding_tablet=\u00bb0px||||false|false\u00bb custom_padding_phone=\u00bb\u00bb custom_padding_last_edited=\u00bbon|desktop\u00bb][et_pb_social_media_follow _builder_version=\u00bb4.9.4&#8243; text_orientation=\u00bbright\u00bb border_radii=\u00bbon|60px|60px|60px|60px\u00bb][et_pb_social_media_follow_network social_network=\u00bbfacebook\u00bb url=\u00bbhttps:\/\/www.facebook.com\/servicampoarmenia%20&#8243; _builder_version=\u00bb4.9.4&#8243; background_color=\u00bb#f5821f\u00bb background_enable_color=\u00bbon\u00bb custom_margin=\u00bb|4px||4px||true\u00bb custom_padding=\u00bb8px|8px|8px|8px|true|true\u00bb background__hover_enabled=\u00bbon|hover\u00bb background_color__hover=\u00bb#00a650&#8243; background_enable_color__hover=\u00bbon\u00bb follow_button=\u00bboff\u00bb url_new_window=\u00bbon\u00bb]facebook[\/et_pb_social_media_follow_network][\/et_pb_social_media_follow][\/et_pb_column][\/et_pb_row][\/et_pb_section][et_pb_section fb_built=\u00bb1&#8243; admin_label=\u00bbServices\u00bb _builder_version=\u00bb3.26.1&#8243; use_background_color_gradient=\u00bbon\u00bb background_color_gradient_start=\u00bb#ffffff\u00bb background_color_gradient_end=\u00bb#faf9f4&#8243; background_image=\u00bbhttps:\/\/www.servicampoarmenia.com\/web\/wp-content\/uploads\/2021\/05\/dog-walker-13.png\u00bb background_size=\u00bbcontain\u00bb background_position=\u00bbbottom_center\u00bb custom_padding=\u00bb||||false|false\u00bb][et_pb_row column_structure=\u00bb1_2,1_2&#8243; _builder_version=\u00bb3.26.1&#8243;][et_pb_column type=\u00bb1_2&#8243; _builder_version=\u00bb3.25.3&#8243;][et_pb_image src=\u00bbhttps:\/\/www.servicampoarmenia.com\/web\/wp-content\/uploads\/2021\/11\/F100016744-scaled.jpg\u00bb title_text=\u00bbF100016744&#8243; _builder_version=\u00bb4.9.4&#8243; transform_scale=\u00bb148%|148%\u00bb transform_translate=\u00bb15px|-193px\u00bb transform_origin=\u00bb70%|-272%\u00bb width=\u00bb100%\u00bb max_width_tablet=\u00bb400px\u00bb max_width_phone=\u00bb\u00bb max_width_last_edited=\u00bbon|desktop\u00bb custom_margin=\u00bb-8vw|||-5vw|false|false\u00bb hover_enabled=\u00bb0&#8243; border_radii=\u00bbon|9px|9px|9px|9px\u00bb sticky_enabled=\u00bb0&#8243;][\/et_pb_image][\/et_pb_column][et_pb_column type=\u00bb1_2&#8243; _builder_version=\u00bb3.25.3&#8243;][et_pb_text _builder_version=\u00bb4.9.4&#8243; text_font=\u00bb||||||||\u00bb text_font_size=\u00bb16px\u00bb text_line_height=\u00bb1.8em\u00bb header_font=\u00bb||||||||\u00bb header_2_font=\u00bbAmatic SC|700|||||||\u00bb header_2_font_size=\u00bb80px\u00bb header_2_line_height=\u00bb1.2em\u00bb header_3_font=\u00bbAmatic SC|700|||||||\u00bb header_3_text_color=\u00bb#ee6a5b\u00bb header_3_font_size=\u00bb80px\u00bb header_3_line_height=\u00bb1.2em\u00bb header_2_font_size_tablet=\u00bb60px\u00bb header_2_font_size_phone=\u00bb32px\u00bb header_2_font_size_last_edited=\u00bbon|phone\u00bb header_3_font_size_tablet=\u00bb60px\u00bb header_3_font_size_phone=\u00bb32px\u00bb header_3_font_size_last_edited=\u00bbon|phone\u00bb locked=\u00bboff\u00bb]<\/p>\n<h2>Servicios<\/h2>\n<p>[\/et_pb_text][et_pb_text _builder_version=\u00bb4.9.4&#8243; text_font=\u00bbAmaranth||||||||\u00bb text_line_height=\u00bb1.8em\u00bb header_font=\u00bb||||||||\u00bb header_3_font=\u00bbAmatic SC|700|||||||\u00bb header_3_font_size=\u00bb40px\u00bb header_3_line_height=\u00bb1.2em\u00bb text_orientation=\u00bbjustified\u00bb custom_margin=\u00bb||20px||false|false\u00bb locked=\u00bboff\u00bb text_text_align_tablet=\u00bbcenter\u00bb text_text_align_last_edited=\u00bbon|tablet\u00bb]<\/p>\n<h3>Materiales y Productos<\/h3>\n<p>Para el uso agropecuario, bien sea de uso agr\u00edcola o ganadero, destinados a la sanidad y alimentaci\u00f3n de los cultivos y animales, como plaguicidas, fertilizantes, abonos, semillas, material de propagaci\u00f3n vegetal, agentes y productos para el agro o de uso veterinario.<\/p>\n<p>[\/et_pb_text][et_pb_text _builder_version=\u00bb4.9.4&#8243; text_font=\u00bbAmaranth||||||||\u00bb text_line_height=\u00bb1.8em\u00bb header_font=\u00bb||||||||\u00bb header_3_font=\u00bbAmatic SC|700|||||||\u00bb header_3_font_size=\u00bb40px\u00bb header_3_line_height=\u00bb1.2em\u00bb text_orientation=\u00bbjustified\u00bb custom_margin=\u00bb||20px||false|false\u00bb locked=\u00bboff\u00bb text_text_align_tablet=\u00bbcenter\u00bb text_text_align_last_edited=\u00bbon|tablet\u00bb]<\/p>\n<h3>Naturales o Productos Qu\u00edmicos<\/h3>\n<p>Estos insumos pueden estar elaborados con ingredientes naturales o productos qu\u00edmicos que ayudan al mejor crecimiento y funcionamiento de los cultivos o animales. <\/p>\n<p>[\/et_pb_text][et_pb_text _builder_version=\u00bb4.9.4&#8243; text_font=\u00bbAmaranth||||||||\u00bb text_line_height=\u00bb1.8em\u00bb header_font=\u00bb||||||||\u00bb header_3_font=\u00bbAmatic SC|700|||||||\u00bb header_3_font_size=\u00bb40px\u00bb header_3_line_height=\u00bb1.2em\u00bb text_orientation=\u00bbjustified\u00bb custom_margin=\u00bb||20px||false|false\u00bb locked=\u00bboff\u00bb text_text_align_tablet=\u00bbcenter\u00bb text_text_align_last_edited=\u00bbon|tablet\u00bb]<\/p>\n<h3>Fertilizantes y abonos<\/h3>\n<p>Org\u00e1nicos o minerales de origen natural, trabajamos con las mejores marcas, todos a tu disposici\u00f3n, cont\u00e1ctanos.<\/p>\n<p>[\/et_pb_text][et_pb_text _builder_version=\u00bb4.9.4&#8243; _module_preset=\u00bbdefault\u00bb link_font=\u00bbAmatic SC|700|||||||\u00bb link_text_color=\u00bb#000000&#8243; link_font_size=\u00bb20px\u00bb custom_margin=\u00bb20px||||false|false\u00bb]<a href=\"https:\/\/www.servicampoarmenia.com\/web\/contacto\/\" class=\"ov-btn-grow-ellipse\">Contacto  <\/a>[\/et_pb_text][\/et_pb_column][\/et_pb_row][\/et_pb_section][et_pb_section fb_built=\u00bb1&#8243; disabled_on=\u00bbon|on|on\u00bb admin_label=\u00bbTestimonials\u00bb _builder_version=\u00bb4.9.4&#8243; use_background_color_gradient=\u00bbon\u00bb background_color_gradient_start=\u00bb#faf9f4&#8243; background_color_gradient_end=\u00bb#f6f3ea\u00bb disabled=\u00bbon\u00bb][et_pb_row _builder_version=\u00bb3.25.3&#8243; max_width=\u00bb700px\u00bb locked=\u00bboff\u00bb][et_pb_column type=\u00bb4_4&#8243; _builder_version=\u00bb3.25.3&#8243;][et_pb_text _builder_version=\u00bb3.27.4&#8243; text_font=\u00bb||||||||\u00bb text_font_size=\u00bb16px\u00bb text_line_height=\u00bb1.8em\u00bb header_font=\u00bb||||||||\u00bb header_2_font=\u00bbAmatic SC|700|||||||\u00bb header_2_font_size=\u00bb80px\u00bb header_2_line_height=\u00bb1.2em\u00bb text_orientation=\u00bbcenter\u00bb header_2_font_size_tablet=\u00bb60px\u00bb header_2_font_size_phone=\u00bb32px\u00bb header_2_font_size_last_edited=\u00bbon|phone\u00bb]<\/p>\n<h2>Dog Owner Reviews<\/h2>\n<p>[\/et_pb_text][\/et_pb_column][\/et_pb_row][et_pb_row column_structure=\u00bb1_3,1_3,1_3&#8243; _builder_version=\u00bb3.26&#8243; width_tablet=\u00bb\u00bb width_phone=\u00bb90%\u00bb width_last_edited=\u00bbon|desktop\u00bb][et_pb_column type=\u00bb1_3&#8243; _builder_version=\u00bb3.26&#8243; background_color=\u00bbrgba(214,202,176,0.25)\u00bb overflow-x=\u00bbvisible\u00bb overflow-y=\u00bbvisible\u00bb border_radii=\u00bbon|40px|40px|40px|40px\u00bb][et_pb_text _builder_version=\u00bb3.27.4&#8243; text_font=\u00bb||on||||||\u00bb text_font_size=\u00bb18px\u00bb text_line_height=\u00bb1.8em\u00bb background_color=\u00bb#ffffff\u00bb transform_scale_tablet=\u00bb\u00bb transform_scale_phone=\u00bb\u00bb transform_scale_last_edited=\u00bbon|desktop\u00bb transform_translate=\u00bb24px|24px\u00bb transform_translate_tablet=\u00bb\u00bb transform_translate_phone=\u00bb0px|24px\u00bb transform_translate_last_edited=\u00bbon|desktop\u00bb transform_translate_linked_phone=\u00bboff\u00bb transform_rotate_tablet=\u00bb\u00bb transform_rotate_phone=\u00bb\u00bb transform_rotate_last_edited=\u00bbon|desktop\u00bb transform_skew_tablet=\u00bb\u00bb transform_skew_phone=\u00bb\u00bb transform_skew_last_edited=\u00bbon|desktop\u00bb transform_origin_tablet=\u00bb\u00bb transform_origin_phone=\u00bb\u00bb transform_origin_last_edited=\u00bbon|desktop\u00bb transform_styles_last_edited=\u00bbon|desktop\u00bb custom_padding=\u00bb40px|30px|40px|30px|true|true\u00bb transform_styles_tablet=\u00bb\u00bb transform_styles_phone=\u00bb\u00bb border_radii=\u00bbon|16px|16px|16px|16px\u00bb box_shadow_style=\u00bbpreset3&#8243; box_shadow_horizontal=\u00bb26px\u00bb box_shadow_vertical=\u00bb26px\u00bb box_shadow_blur=\u00bb68px\u00bb box_shadow_spread=\u00bb-16px\u00bb]\u201cLorem ipsum dolor sit amet, consectetur adipiscing elit. Morbi volutpat, leo quis hendrerit dictum, sapien libero fermentum justo, eget faucibus diam arcu sit amet nisi. Duis rutrum diam ut enim malesuada lacinia.\u201d[\/et_pb_text][\/et_pb_column][et_pb_column type=\u00bb1_3&#8243; _builder_version=\u00bb3.25.3&#8243; background_color=\u00bbrgba(214,202,176,0.25)\u00bb overflow-x=\u00bbvisible\u00bb overflow-y=\u00bbvisible\u00bb border_radii=\u00bbon|40px|40px|40px|40px\u00bb][et_pb_text _builder_version=\u00bb3.27.4&#8243; text_font=\u00bb||on||||||\u00bb text_font_size=\u00bb18px\u00bb text_line_height=\u00bb1.8em\u00bb background_color=\u00bb#ffffff\u00bb transform_scale_tablet=\u00bb\u00bb transform_scale_phone=\u00bb\u00bb transform_scale_last_edited=\u00bbon|desktop\u00bb transform_translate=\u00bb24px|24px\u00bb transform_translate_tablet=\u00bb\u00bb transform_translate_phone=\u00bb0px|24px\u00bb transform_translate_last_edited=\u00bbon|desktop\u00bb transform_translate_linked_phone=\u00bboff\u00bb transform_rotate_tablet=\u00bb\u00bb transform_rotate_phone=\u00bb\u00bb transform_rotate_last_edited=\u00bbon|desktop\u00bb transform_skew_tablet=\u00bb\u00bb transform_skew_phone=\u00bb\u00bb transform_skew_last_edited=\u00bbon|desktop\u00bb transform_origin_tablet=\u00bb\u00bb transform_origin_phone=\u00bb\u00bb transform_origin_last_edited=\u00bbon|desktop\u00bb transform_styles_last_edited=\u00bbon|desktop\u00bb custom_padding=\u00bb40px|30px|40px|30px|true|true\u00bb transform_styles_tablet=\u00bb\u00bb transform_styles_phone=\u00bb\u00bb border_radii=\u00bbon|16px|16px|16px|16px\u00bb box_shadow_style=\u00bbpreset3&#8243; box_shadow_horizontal=\u00bb26px\u00bb box_shadow_vertical=\u00bb26px\u00bb box_shadow_blur=\u00bb68px\u00bb box_shadow_spread=\u00bb-16px\u00bb]\u201cLorem ipsum dolor sit amet, consectetur adipiscing elit. Morbi volutpat, leo quis hendrerit dictum, sapien libero fermentum justo, eget faucibus diam arcu sit amet nisi. Duis rutrum diam ut enim malesuada lacinia.\u201d[\/et_pb_text][\/et_pb_column][et_pb_column type=\u00bb1_3&#8243; _builder_version=\u00bb3.25.3&#8243; background_color=\u00bbrgba(214,202,176,0.25)\u00bb overflow-x=\u00bbvisible\u00bb overflow-y=\u00bbvisible\u00bb border_radii=\u00bbon|40px|40px|40px|40px\u00bb][et_pb_text _builder_version=\u00bb3.27.4&#8243; text_font=\u00bb||on||||||\u00bb text_font_size=\u00bb18px\u00bb text_line_height=\u00bb1.8em\u00bb background_color=\u00bb#ffffff\u00bb transform_scale_tablet=\u00bb\u00bb transform_scale_phone=\u00bb\u00bb transform_scale_last_edited=\u00bbon|desktop\u00bb transform_translate=\u00bb24px|24px\u00bb transform_translate_tablet=\u00bb\u00bb transform_translate_phone=\u00bb0px|24px\u00bb transform_translate_last_edited=\u00bbon|desktop\u00bb transform_translate_linked_phone=\u00bboff\u00bb transform_rotate_tablet=\u00bb\u00bb transform_rotate_phone=\u00bb\u00bb transform_rotate_last_edited=\u00bbon|desktop\u00bb transform_skew_tablet=\u00bb\u00bb transform_skew_phone=\u00bb\u00bb transform_skew_last_edited=\u00bbon|desktop\u00bb transform_origin_tablet=\u00bb\u00bb transform_origin_phone=\u00bb\u00bb transform_origin_last_edited=\u00bbon|desktop\u00bb transform_styles_last_edited=\u00bbon|desktop\u00bb custom_padding=\u00bb40px|30px|40px|30px|true|true\u00bb transform_styles_tablet=\u00bb\u00bb transform_styles_phone=\u00bb\u00bb border_radii=\u00bbon|16px|16px|16px|16px\u00bb box_shadow_style=\u00bbpreset3&#8243; box_shadow_horizontal=\u00bb26px\u00bb box_shadow_vertical=\u00bb26px\u00bb box_shadow_blur=\u00bb68px\u00bb box_shadow_spread=\u00bb-16px\u00bb]\u201cLorem ipsum dolor sit amet, consectetur adipiscing elit. Morbi volutpat, leo quis hendrerit dictum, sapien libero fermentum justo, eget faucibus diam arcu sit amet nisi. Duis rutrum diam ut enim malesuada lacinia.\u201d[\/et_pb_text][\/et_pb_column][\/et_pb_row][\/et_pb_section][et_pb_section fb_built=\u00bb1&#8243; admin_label=\u00bbFooter\u00bb _builder_version=\u00bb4.9.4&#8243; use_background_color_gradient=\u00bbon\u00bb background_color_gradient_start=\u00bb#f6f3ea\u00bb background_color_gradient_end=\u00bb#f4f1e7&#8243; custom_padding=\u00bb0px||0px||false|false\u00bb global_module=\u00bb93&#8243; saved_tabs=\u00bball\u00bb][et_pb_row column_structure=\u00bb3_5,2_5&#8243; custom_padding_last_edited=\u00bbon|desktop\u00bb _builder_version=\u00bb3.26&#8243; background_color=\u00bb#efebdc\u00bb background_image=\u00bbhttps:\/\/www.servicampoarmenia.com\/web\/wp-content\/uploads\/2021\/05\/dog-walker-11.png\u00bb background_size=\u00bbcontain\u00bb background_position=\u00bbbottom_center\u00bb width=\u00bb90%\u00bb width_tablet=\u00bb95%\u00bb width_phone=\u00bb\u00bb width_last_edited=\u00bbon|desktop\u00bb max_width=\u00bbnone\u00bb module_alignment=\u00bbright\u00bb custom_padding=\u00bb60px|10vw|5vw|40px|false|false\u00bb custom_padding_tablet=\u00bb|40px|||false|false\u00bb custom_padding_phone=\u00bb\u00bb border_radii_tablet=\u00bb|0px|||\u00bb border_radii_last_edited=\u00bboff|tablet\u00bb][et_pb_column type=\u00bb3_5&#8243; _builder_version=\u00bb3.26&#8243;][et_pb_image src=\u00bbhttps:\/\/www.servicampoarmenia.com\/web\/wp-content\/uploads\/2021\/05\/imagen-servicampo-pie-de-pagina.jpg\u00bb title_text=\u00bbimagen-servicampo-pie-de pagina\u00bb force_fullwidth=\u00bbon\u00bb _builder_version=\u00bb4.9.4&#8243; custom_margin=\u00bb|||-7vw|false|false\u00bb custom_margin_tablet=\u00bb\u00bb custom_margin_phone=\u00bb|||0vw|false|false\u00bb custom_margin_last_edited=\u00bbon|desktop\u00bb animation_style=\u00bbslide\u00bb animation_direction=\u00bbleft\u00bb animation_intensity_slide=\u00bb5%\u00bb border_radii=\u00bbon|13px|13px|13px|13px\u00bb border_color_all=\u00bb#E06100&#8243; box_shadow_style=\u00bbpreset3&#8243; box_shadow_vertical=\u00bb76px\u00bb box_shadow_blur=\u00bb68px\u00bb box_shadow_spread=\u00bb-28px\u00bb box_shadow_color=\u00bbrgba(0,0,0,0.32)\u00bb][\/et_pb_image][\/et_pb_column][et_pb_column type=\u00bb2_5&#8243; _builder_version=\u00bb3.26&#8243;][et_pb_image src=\u00bb@ET-DC@eyJkeW5hbWljIjp0cnVlLCJjb250ZW50Ijoic2l0ZV9sb2dvIiwic2V0dGluZ3MiOnt9fQ==@\u00bb _builder_version=\u00bb4.9.4&#8243; _dynamic_attributes=\u00bbsrc\u00bb _module_preset=\u00bbdefault\u00bb custom_margin=\u00bb30px||||false|false\u00bb][\/et_pb_image][et_pb_text _builder_version=\u00bb4.9.4&#8243; _module_preset=\u00bbdefault\u00bb link_font=\u00bbAmatic SC|700|||||||\u00bb link_text_color=\u00bb#000000&#8243; link_font_size=\u00bb20px\u00bb transform_scale=\u00bb172%|172%\u00bb transform_origin=\u00bb46%|-12%\u00bb text_orientation=\u00bbcenter\u00bb custom_margin=\u00bb60px||||false|false\u00bb]<\/p>\n<p><a href=\"https:\/\/www.servicampoarmenia.com\/web\/contacto\/\" class=\"ov-btn-grow-ellipse\">Contacto<\/a><\/p>\n<p>[\/et_pb_text][\/et_pb_column][\/et_pb_row][\/et_pb_section]<\/p>\n","protected":false},"excerpt":{"rendered":"<p>[et_pb_section fb_built=\u00bb1&#8243; next_background_color=\u00bb#ffffff\u00bb admin_label=\u00bbHeader\u00bb _builder_version=\u00bb3.26.1&#8243; background_color=\u00bb#efebdc\u00bb background_image=\u00bbhttps:\/\/www.servicampoarmenia.com\/web\/wp-content\/uploads\/2021\/05\/dog-walker-10-3.png\u00bb parallax=\u00bbon\u00bb overflow-x=\u00bbhidden\u00bb overflow-y=\u00bbhidden\u00bb bottom_divider_style=\u00bbwaves\u00bb bottom_divider_height=\u00bb10vw\u00bb bottom_divider_repeat=\u00bb0.7x\u00bb background_last_edited=\u00bboff|desktop\u00bb parallax_tablet=\u00bboff\u00bb][et_pb_row column_structure=\u00bb3_5,2_5&#8243; _builder_version=\u00bb3.26&#8243; custom_margin_tablet=\u00bb||-10vw||false|false\u00bb custom_margin_phone=\u00bb\u00bb custom_margin_last_edited=\u00bbon|desktop\u00bb][et_pb_column type=\u00bb3_5&#8243; _builder_version=\u00bb3.25.4&#8243; custom_padding=\u00bb5vw||\u00bb][et_pb_text _builder_version=\u00bb4.9.4&#8243; text_font=\u00bbAmaranth||||||||\u00bb text_font_size=\u00bb24px\u00bb text_line_height=\u00bb1.8em\u00bb header_font=\u00bbAmatic SC|700|||||||\u00bb header_font_size=\u00bb90px\u00bb header_line_height=\u00bb1.2em\u00bb text_font_size_tablet=\u00bb\u00bb text_font_size_phone=\u00bb22px\u00bb text_font_size_last_edited=\u00bbon|desktop\u00bb header_font_size_tablet=\u00bb80px\u00bb header_font_size_phone=\u00bb60px\u00bb header_font_size_last_edited=\u00bbon|phone\u00bb background_color_tablet=\u00bb#efebdc\u00bb background_last_edited=\u00bbon|tablet\u00bb background_enable_color_tablet=\u00bbon\u00bb] Servicios para insumos agropecuarios Materiales y productos de calidad. [\/et_pb_text][et_pb_text _builder_version=\u00bb4.9.4&#8243; _module_preset=\u00bbdefault\u00bb link_font=\u00bbAmatic SC|700|||||||\u00bb link_text_color=\u00bb#000000&#8243; [&hellip;]<\/p>\n","protected":false},"author":1,"featured_media":0,"parent":0,"menu_order":0,"comment_status":"closed","ping_status":"closed","template":"","meta":{"_et_pb_use_builder":"on","_et_pb_old_content":"","_et_gb_content_width":"","footnotes":""},"class_list":["post-156","page","type-page","status-publish","hentry"],"_links":{"self":[{"href":"https:\/\/www.servicampoarmenia.com\/web\/wp-json\/wp\/v2\/pages\/156","targetHints":{"allow":["GET"]}}],"collection":[{"href":"https:\/\/www.servicampoarmenia.com\/web\/wp-json\/wp\/v2\/pages"}],"about":[{"href":"https:\/\/www.servicampoarmenia.com\/web\/wp-json\/wp\/v2\/types\/page"}],"author":[{"embeddable":true,"href":"https:\/\/www.servicampoarmenia.com\/web\/wp-json\/wp\/v2\/users\/1"}],"replies":[{"embeddable":true,"href":"https:\/\/www.servicampoarmenia.com\/web\/wp-json\/wp\/v2\/comments?post=156"}],"version-history":[{"count":10,"href":"https:\/\/www.servicampoarmenia.com\/web\/wp-json\/wp\/v2\/pages\/156\/revisions"}],"predecessor-version":[{"id":229816,"href":"https:\/\/www.servicampoarmenia.com\/web\/wp-json\/wp\/v2\/pages\/156\/revisions\/229816"}],"wp:attachment":[{"href":"https:\/\/www.servicampoarmenia.com\/web\/wp-json\/wp\/v2\/media?parent=156"}],"curies":[{"name":"wp","href":"https:\/\/api.w.org\/{rel}","templated":true}]}}